{"id":81,"date":"2024-10-02T09:55:58","date_gmt":"2024-10-02T09:55:58","guid":{"rendered":"https:\/\/progexport.com\/?page_id=81"},"modified":"2024-10-04T15:08:21","modified_gmt":"2024-10-04T15:08:21","slug":"home","status":"publish","type":"page","link":"https:\/\/progexport.com\/","title":{"rendered":"Home"},"content":{"rendered":"<h2>Looking to expand your supplier base or grow your sales internationally, we have the experience to guide you.<\/h2>\n<h2>About Us<\/h2>\n<p>\t\t\t\t\t\t\t\t\t\t\t\t\t<img loading=\"lazy\" decoding=\"async\" width=\"2560\" height=\"1707\" src=\"http:\/\/progexport.com\/wp-content\/uploads\/2024\/10\/pexels-fauxels-3183127-scaled.jpg\" alt=\"\" srcset=\"https:\/\/progexport.com\/wp-content\/uploads\/2024\/10\/pexels-fauxels-3183127-scaled.jpg 2560w, https:\/\/progexport.com\/wp-content\/uploads\/2024\/10\/pexels-fauxels-3183127-300x200.jpg 300w, https:\/\/progexport.com\/wp-content\/uploads\/2024\/10\/pexels-fauxels-3183127-1024x683.jpg 1024w, https:\/\/progexport.com\/wp-content\/uploads\/2024\/10\/pexels-fauxels-3183127-768x512.jpg 768w, https:\/\/progexport.com\/wp-content\/uploads\/2024\/10\/pexels-fauxels-3183127-1536x1024.jpg 1536w, https:\/\/progexport.com\/wp-content\/uploads\/2024\/10\/pexels-fauxels-3183127-2048x1365.jpg 2048w\" sizes=\"(max-width: 2560px) 100vw, 2560px\" \/>\t\t\t\t\t\t\t\t\t\t\t\t\t<\/p>\n<p>For over two decades, we have successfully advised and guided both our own businesses and other small, medium, and listed companies in expanding their international reach. Our track record spans\u00a048 countries globally.\u00a0<\/p>\n<p>With a strong focus on Latin America, we have worked across diverse sectors, advising our clients on B2B sales, joint ventures, and direct sales to various government institutions. Our expertise\u00a0lies in helping small and medium-sized enterprises navigate the complexities of cross-border business, particularly when engaging with foreign governments.\u00a0<\/p>\n<p>Whether you\u2019re looking to expand your supplier base or grow your sales internationally, we have the experience to guide you. From understanding cultural nuances and finding the right partners to\u00a0navigating bureaucratic processes and ensuring contract execution and payment, we\u2019ve done it all.\u00a0<\/p>\n<p>We have offices in South Africa, the USA, Mexico, and Colombia, ensuring our global presence aligns with your business goals.\u00a0<\/p>\n<p>We measure success not by the number of clients but by the impact we make. We choose our clients carefully to ensure personalized service and the fulfillment of every goal we agree to achieve together.<\/p>\n<h2>Qui\u00e9nes somos<\/h2>\n<p>Durante m\u00e1s de dos d\u00e9cadas, hemos asesorado y guiado con \u00e9xito tanto a nuestras propias empresas como a otras peque\u00f1as, medianas y compa\u00f1\u00edas cotizadas en\u00a0la expansi\u00f3n de su alcance internacional. Nuestro historial abarca 48 pa\u00edses en todo el mundo.<\/p>\n<p>Con un fuerte enfoque en Am\u00e9rica Latina, hemos trabajado en diversos sectores, asistiendo a nuestros clientes en ventas B2B, empresas conjuntas y ventas\u00a0directas a diversas instituciones gubernamentales. Nuestra experiencia radica en ayudar a peque\u00f1as y medianas empresas a navegar las complejidades de los negocios transfronterizos, particularmente cuando se trata de relacionarse con gobiernos extranjeros.<\/p>\n<p>Ya sea que est\u00e9s buscando expandir tu base de proveedores o hacer crecer tus ventas internacionalmente, tenemos la experiencia para guiarte. Desde entender\u00a0las particularidades culturales y encontrar los socios adecuados hasta navegar los procesos burocr\u00e1ticos y garantizar la ejecuci\u00f3n de contratos y pagos, lo hemos hecho todo.<\/p>\n<p>Contamos con oficinas en Sud\u00e1frica, Estados Unidos, M\u00e9xico y Colombia, asegurando que nuestra presencia global est\u00e9 alineada con los objetivos de tu negocio.<\/p>\n<p>Medimos el \u00e9xito no por el n\u00famero de clientes, sino por el impacto que generamos. Elegimos cuidadosamente a nuestros clientes para asegurar un servicio\u00a0personalizado y el cumplimiento de cada meta que acordemos alcanzar juntos.<\/p>\n<p>\t\t\t\t\t\t\t\t\t\t\t\t\t<img loading=\"lazy\" decoding=\"async\" width=\"682\" height=\"1024\" src=\"http:\/\/progexport.com\/wp-content\/uploads\/2024\/10\/pexels-fatih-turan-63325184-8777703-682x1024.jpg\" alt=\"\" srcset=\"https:\/\/progexport.com\/wp-content\/uploads\/2024\/10\/pexels-fatih-turan-63325184-8777703-682x1024.jpg 682w, https:\/\/progexport.com\/wp-content\/uploads\/2024\/10\/pexels-fatih-turan-63325184-8777703-200x300.jpg 200w, https:\/\/progexport.com\/wp-content\/uploads\/2024\/10\/pexels-fatih-turan-63325184-8777703-768x1153.jpg 768w, https:\/\/progexport.com\/wp-content\/uploads\/2024\/10\/pexels-fatih-turan-63325184-8777703-1023x1536.jpg 1023w, https:\/\/progexport.com\/wp-content\/uploads\/2024\/10\/pexels-fatih-turan-63325184-8777703-1364x2048.jpg 1364w, https:\/\/progexport.com\/wp-content\/uploads\/2024\/10\/pexels-fatih-turan-63325184-8777703-scaled.jpg 1706w\" sizes=\"(max-width: 682px) 100vw, 682px\" \/>\t\t\t\t\t\t\t\t\t\t\t\t\t<\/p>\n<h2>Contact Us<\/h2>\n<form id=\"wpforms-form-183\" data-formid=\"183\" method=\"post\" enctype=\"multipart\/form-data\" action=\"\/wp-admin\/admin-ajax.php\" data-token=\"0f35da8e7e055613c40378bd5bcf8b9d\" data-token-time=\"1728054501\"><noscript>Please enable JavaScript in your browser to complete this form.<\/noscript>Please enable JavaScript in your browser to complete this form.<label for=\"wpforms-183-field_1\">Company Name *<\/label><input type=\"text\" id=\"wpforms-183-field_1\" name=\"wpforms[fields][1]\" aria-errormessage=\"wpforms-183-field_1-error\" required><label for=\"wpforms-183-field_2\">Email *<\/label><input type=\"email\" id=\"wpforms-183-field_2\" name=\"wpforms[fields][2]\" placeholder=\"Please submit your email \/ Por favor, env\u00eda tu correo electr\u00f3nico.\" spellcheck=\"false\" aria-errormessage=\"wpforms-183-field_2-error\" required><label for=\"wpforms-183-field_3\">Message<\/label><textarea id=\"wpforms-183-field_3\" name=\"wpforms[fields][3]\" placeholder=\"Please type your message and submit the form, we will contact you back as soon as possible. \/ Por favor, escribe tu mensaje y env\u00eda el formulario; nos pondremos en contacto contigo lo antes posible.\" aria-errormessage=\"wpforms-183-field_3-error\" ><\/textarea><!-- .wpforms-field-container --><input type=\"hidden\" name=\"wpforms[id]\" value=\"183\">\t\t\t<input\n\t\t\t\ttype=\"hidden\"\n\t\t\t\tname=\"wpforms[nonce]\"\n\t\t\t\tvalue=\"4c750ca17d\"\n\t\t\t\/><br \/>\n\t\t\t<input type=\"hidden\" name=\"page_title\" value=\"\"><input type=\"hidden\" name=\"page_url\" value=\"https:\/\/progexport.com\/\"><button type=\"submit\" name=\"wpforms[submit]\" id=\"wpforms-submit-183\" data-alt-text=\"Sending...\" data-submit-text=\"Submit\" aria-live=\"assertive\" value=\"wpforms-submit\">Submit<\/button><img loading=\"lazy\" decoding=\"async\" src=\"https:\/\/progexport.com\/wp-content\/plugins\/wpforms-lite\/assets\/images\/submit-spin.svg\" style=\"display: none;\" width=\"26\" height=\"26\" alt=\"Loading\"><\/form>\n<p>  <!-- .wpforms-container --><br \/>\n\t\t\t\t\t\t\t\t\t\t\t\t\t<img loading=\"lazy\" decoding=\"async\" width=\"758\" height=\"1024\" src=\"http:\/\/progexport.com\/wp-content\/uploads\/2024\/10\/3d-rendering-planet-earth-scaled-e1728054429686-758x1024.jpg\" alt=\"\" srcset=\"https:\/\/progexport.com\/wp-content\/uploads\/2024\/10\/3d-rendering-planet-earth-scaled-e1728054429686-758x1024.jpg 758w, https:\/\/progexport.com\/wp-content\/uploads\/2024\/10\/3d-rendering-planet-earth-scaled-e1728054429686-222x300.jpg 222w, https:\/\/progexport.com\/wp-content\/uploads\/2024\/10\/3d-rendering-planet-earth-scaled-e1728054429686-768x1038.jpg 768w, https:\/\/progexport.com\/wp-content\/uploads\/2024\/10\/3d-rendering-planet-earth-scaled-e1728054429686-1137x1536.jpg 1137w, https:\/\/progexport.com\/wp-content\/uploads\/2024\/10\/3d-rendering-planet-earth-scaled-e1728054429686-1516x2048.jpg 1516w, https:\/\/progexport.com\/wp-content\/uploads\/2024\/10\/3d-rendering-planet-earth-scaled-e1728054429686.jpg 1544w\" sizes=\"(max-width: 758px) 100vw, 758px\" \/><\/p>\n","protected":false},"excerpt":{"rendered":"<p>Looking to expand your supplier base or grow your sales internationally, we have the experience to guide you. About Us [&hellip;]<\/p>\n","protected":false},"author":1,"featured_media":0,"parent":0,"menu_order":0,"comment_status":"closed","ping_status":"closed","template":"","meta":{"site-sidebar-layout":"no-sidebar","site-content-layout":"","ast-site-content-layout":"full-width-container","site-content-style":"default","site-sidebar-style":"default","ast-global-header-display":"","ast-banner-title-visibility":"","ast-main-header-display":"","ast-hfb-above-header-display":"","ast-hfb-below-header-display":"","ast-hfb-mobile-header-display":"","site-post-title":"disabled","ast-breadcrumbs-content":"","ast-featured-img":"","footer-sml-layout":"","theme-transparent-header-meta":"","adv-header-id-meta":"","stick-header-meta":"","header-above-stick-meta":"","header-main-stick-meta":"","header-below-stick-meta":"","astra-migrate-meta-layouts":"default","ast-page-background-enabled":"default","ast-page-background-meta":{"desktop":{"background-color":"var(--ast-global-color-4)","background-image":"","background-repeat":"repeat","background-position":"center center","background-size":"auto","background-attachment":"scroll","background-type":"","background-media":"","overlay-type":"","overlay-color":"","overlay-opacity":"","overlay-gradient":""},"tablet":{"background-color":"","background-image":"","background-repeat":"repeat","background-position":"center center","background-size":"auto","background-attachment":"scroll","background-type":"","background-media":"","overlay-type":"","overlay-color":"","overlay-opacity":"","overlay-gradient":""},"mobile":{"background-color":"","background-image":"","background-repeat":"repeat","background-position":"center center","background-size":"auto","background-attachment":"scroll","background-type":"","background-media":"","overlay-type":"","overlay-color":"","overlay-opacity":"","overlay-gradient":""}},"ast-content-background-meta":{"desktop":{"background-color":"var(--ast-global-color-5)","background-image":"","background-repeat":"repeat","background-position":"center center","background-size":"auto","background-attachment":"scroll","background-type":"","background-media":"","overlay-type":"","overlay-color":"","overlay-opacity":"","overlay-gradient":""},"tablet":{"background-color":"var(--ast-global-color-5)","background-image":"","background-repeat":"repeat","background-position":"center center","background-size":"auto","background-attachment":"scroll","background-type":"","background-media":"","overlay-type":"","overlay-color":"","overlay-opacity":"","overlay-gradient":""},"mobile":{"background-color":"var(--ast-global-color-5)","background-image":"","background-repeat":"repeat","background-position":"center center","background-size":"auto","background-attachment":"scroll","background-type":"","background-media":"","overlay-type":"","overlay-color":"","overlay-opacity":"","overlay-gradient":""}},"footnotes":""},"class_list":["post-81","page","type-page","status-publish","hentry"],"_links":{"self":[{"href":"https:\/\/progexport.com\/index.php\/wp-json\/wp\/v2\/pages\/81"}],"collection":[{"href":"https:\/\/progexport.com\/index.php\/wp-json\/wp\/v2\/pages"}],"about":[{"href":"https:\/\/progexport.com\/index.php\/wp-json\/wp\/v2\/types\/page"}],"author":[{"embeddable":true,"href":"https:\/\/progexport.com\/index.php\/wp-json\/wp\/v2\/users\/1"}],"replies":[{"embeddable":true,"href":"https:\/\/progexport.com\/index.php\/wp-json\/wp\/v2\/comments?post=81"}],"version-history":[{"count":80,"href":"https:\/\/progexport.com\/index.php\/wp-json\/wp\/v2\/pages\/81\/revisions"}],"predecessor-version":[{"id":207,"href":"https:\/\/progexport.com\/index.php\/wp-json\/wp\/v2\/pages\/81\/revisions\/207"}],"wp:attachment":[{"href":"https:\/\/progexport.com\/index.php\/wp-json\/wp\/v2\/media?parent=81"}],"curies":[{"name":"wp","href":"https:\/\/api.w.org\/{rel}","templated":true}]}}